{"id":25,"date":"2020-09-17T09:07:47","date_gmt":"2020-09-17T07:07:47","guid":{"rendered":"https:\/\/alexsulzer-eishockey.de\/?page_id=25"},"modified":"2021-02-16T10:23:57","modified_gmt":"2021-02-16T09:23:57","slug":"ueber","status":"publish","type":"page","link":"https:\/\/alexsulzer-eishockey.de\/index.php\/ueber\/","title":{"rendered":"\u00dcber"},"content":{"rendered":"<div class=\"vce-row-container\"><div class=\"vce-row vce-row--col-gap-30 vce-row-no-paddings vce-row-columns--top vce-row-content--top\" data-vce-full-width=\"true\" data-vce-stretch-content=\"true\" id=\"el-b3d29ba0\" data-vce-do-apply=\"all el-b3d29ba0\"><div class=\"vce-content-background-container\"><div class=\"vce-asset-color-gradient-container vce-visible-all-only\" data-vce-do-apply=\"gradient el-b3d29ba0\"><\/div><\/div><div class=\"vce-row-content\" data-vce-element-content=\"true\"><div class=\"vce-col vce-col--md-20p vce-col--xs-1 vce-col--xs-last vce-col--xs-first vce-col--sm-last vce-col--sm-first vce-col--md-first vce-col--lg-first vce-col--xl-first\" id=\"el-2512e243\"><div class=\"vce-col-inner\" data-vce-do-apply=\"border margin background  el-2512e243\"><div class=\"vce-col-content\" data-vce-element-content=\"true\" data-vce-do-apply=\"padding el-2512e243\"><\/div><\/div><\/div><div class=\"vce-col vce-col--md-60p vce-col--xs-1 vce-col--xs-last vce-col--xs-first vce-col--sm-last vce-col--sm-first\" id=\"el-4da4d152\"><div class=\"vce-col-inner\" data-vce-do-apply=\"border margin background  el-4da4d152\"><div class=\"vce-col-content\" data-vce-element-content=\"true\" data-vce-do-apply=\"padding el-4da4d152\"><div class=\"vce-text-block\"><div class=\"vce-text-block-wrapper vce\" id=\"el-8818ae61\" data-vce-do-apply=\"all el-8818ae61\"><h1 style=\"text-align: center;\"><span style=\"font-family: 'Roboto Condensed'; color: #ffffff; font-size: 24pt;\">Alexander Sulzer - Professioneller Eishockey Spieler<\/span><\/h1><\/div><\/div><\/div><\/div><\/div><div class=\"vce-col vce-col--md-20p vce-col--xs-1 vce-col--xs-last vce-col--xs-first vce-col--sm-last vce-col--sm-first vce-col--md-last vce-col--lg-last vce-col--xl-last\" id=\"el-7a0fdd03\"><div class=\"vce-col-inner\" data-vce-do-apply=\"border margin background  el-7a0fdd03\"><div class=\"vce-col-content\" data-vce-element-content=\"true\" data-vce-do-apply=\"padding el-7a0fdd03\"><\/div><\/div><\/div><\/div><\/div><\/div><div class=\"vce-row-container\" id=\"row1\"><div class=\"vce-row vce-row--has-col-background vce-row--col-gap-0 vce-row-no-paddings vce-row-equal-height vce-row-columns--top vce-row-content--middle\" data-vce-full-width=\"true\" data-vce-stretch-content=\"true\" id=\"el-785141fb\" data-vce-do-apply=\"all el-785141fb\"><div class=\"vce-content-background-container\"><\/div><div class=\"vce-row-content\" data-vce-element-content=\"true\"><div class=\"vce-col vce-element--has-background vce-col--xs-100p vce-col--xs-visible vce-col--xs-last vce-col--xs-first vce-col--sm-100p vce-col--sm-visible vce-col--sm-last vce-col--sm-first vce-col--md-auto vce-col--md-visible vce-col--md-first vce-col--lg-auto vce-col--lg-visible vce-col--lg-first vce-col--xl-auto vce-col--xl-visible vce-col--xl-first\" id=\"el-dafd699f\"><div class=\"vce-col-inner\" data-vce-do-apply=\"border margin background  el-dafd699f\" id=\"row1\"><div class=\"vce-content-background-container\"><div class=\"vce-asset-background-simple-container vce-visible-all-only vce-asset-background-simple--style-cover vce-asset-background-simple--position-right-top\"><div class=\"vce-asset-background-simple\"><div class=\"vce-asset-background-simple-item\" style=\"background-image: url('https:\/\/alexsulzer-eishockey.de\/wp-content\/uploads\/2020\/09\/Asset-4White-e1600673964906.png');\"><\/div><\/div><\/div><\/div><div class=\"vce-col-content\" data-vce-element-content=\"true\" data-vce-do-apply=\"padding el-dafd699f\"><\/div><\/div><\/div><div class=\"vce-col vce-element--has-background vce-col--xs-100p vce-col--xs-visible vce-col--xs-last vce-col--xs-first vce-col--sm-100p vce-col--sm-visible vce-col--sm-last vce-col--sm-first vce-col--md-auto vce-col--md-visible vce-col--md-last vce-col--lg-auto vce-col--lg-visible vce-col--lg-last vce-col--xl-auto vce-col--xl-visible vce-col--xl-last\" id=\"el-ae138151\"><div class=\"vce-col-inner\" data-vce-do-apply=\"border margin background  el-ae138151\"><div class=\"vce-content-background-container\"><\/div><div class=\"vce-col-content\" data-vce-element-content=\"true\" data-vce-do-apply=\"padding el-ae138151\"><div class=\"vce-text-block\"><div class=\"vce-text-block-wrapper vce\" id=\"el-4fb6477f\" data-vce-do-apply=\"all el-4fb6477f\"><h2 id=\"1027302097\" class=\"u_1027302097 dmNewParagraph\" data-dmtmpl=\"true\" data-element-type=\"paragraph\" data-uialign=\"center\"><span class=\"font-size-26 lh-1\" style=\"color: #000000; font-family: 'Roboto Condensed'; font-size: 24pt;\"><strong>Auch eine Reise von tausend Meilen f\u00e4ngt mit dem ersten Schritt an.<\/strong><\/span><\/h2><div id=\"1973164218\" class=\"u_1973164218 dmNewParagraph\" data-dmtmpl=\"true\" data-uialign=\"left\"><div>&nbsp;<\/div><div><span style=\"color: #000000; font-family: 'Roboto Condensed'; font-size: 14pt;\">Meine Reise in der Eishockeywelt begann im Alter von<\/span><\/div><div><span style=\"color: #000000; font-family: 'Roboto Condensed'; font-size: 14pt;\">10 Jahren bei den Kleinsch\u00fclern des ESV Kaufbeuren. Den wichtigsten Grundstein, das Schlittschuhlaufen, lernte ich zuvor bei unz\u00e4hligen Einheiten auf dem zugefrorenen B\u00e4rensee in Hirschzell.&nbsp;<\/span><\/div><div><span style=\"color: #000000; font-family: 'Roboto Condensed'; font-size: 14pt;\">&nbsp;<\/span><\/div><div><span style=\"color: #000000; font-family: 'Roboto Condensed'; font-size: 14pt;\">Danach ging alles flott: Von den Kleinsch\u00fclern, in die Knaben und weiter in die Sch\u00fcler. Hier gewannen wir 1999 in einem von Spannung nicht zu \u00fcberbietenden Endturnier in Kaufbeuren die Meisterschaft.&nbsp;<\/span><\/div><div><span style=\"color: #000000; font-family: 'Roboto Condensed'; font-size: 14pt;\">&nbsp;<\/span><\/div><div><span style=\"color: #000000; font-family: 'Roboto Condensed'; font-size: 14pt;\">Im Alter von 16 Jahren spielte ich meine 1. Profisaison mit dem ESV Kaufbeuren in der Oberliga. Uns gelang der Aufstieg in die 2. Bundesliga, in der ich auch meine 2. Saison verbrachte.&nbsp;<\/span><\/div><div><span style=\"color: #000000; font-family: 'Roboto Condensed'; font-size: 14pt;\">&nbsp;<\/span><\/div><div><span style=\"color: #000000; font-family: 'Roboto Condensed'; font-size: 14pt;\">Von hier aus ging es zu den Hamburg Freezers in meine 1. DEL-Saison.&nbsp;<\/span><\/div><\/div><\/div><\/div><\/div><\/div><\/div><\/div><\/div><\/div><div class=\"vce-row-container\"><div class=\"vce-row vce-row--has-col-background vce-element--has-background vce-row--col-gap-30 vce-row-no-paddings vce-row-columns--top vce-row-content--middle\" data-vce-full-width=\"true\" data-vce-stretch-content=\"true\" id=\"el-21d4f7f5\" data-vce-do-apply=\"all el-21d4f7f5\"><div class=\"vce-content-background-container\"><\/div><div class=\"vce-row-content\" data-vce-element-content=\"true\"><div class=\"vce-col vce-element--has-background vce-col--md-40-23p vce-col--xs-1 vce-col--xs-last vce-col--xs-first vce-col--sm-last vce-col--sm-first vce-col--md-first vce-col--lg-first vce-col--xl-first\" id=\"el-2f1b4f57\"><div class=\"vce-col-inner\" data-vce-do-apply=\"border margin background  el-2f1b4f57\"><div class=\"vce-content-background-container\"><div class=\"vce-asset-background-simple-container vce-visible-all-only vce-asset-background-simple--style-cover vce-asset-background-simple--position-center-top\"><div class=\"vce-asset-background-simple\"><div class=\"vce-asset-background-simple-item\" style=\"background-image: url('https:\/\/alexsulzer-eishockey.de\/wp-content\/uploads\/2020\/09\/DuesseldorferEGvKoelnerHaie-Wintergame2015-1280w-e1603383458437.png');\"><\/div><\/div><\/div><\/div><div class=\"vce-col-content\" data-vce-element-content=\"true\" data-vce-do-apply=\"padding el-2f1b4f57\"><\/div><\/div><\/div><div class=\"vce-col vce-col--md-59-75p vce-col--xs-1 vce-col--xs-last vce-col--xs-first vce-col--sm-last vce-col--sm-first vce-col--md-last vce-col--lg-last vce-col--xl-last\" id=\"el-e03d48e6\"><div class=\"vce-col-inner\" data-vce-do-apply=\"border margin background  el-e03d48e6\"><div class=\"vce-content-background-container\"><\/div><div class=\"vce-col-content\" data-vce-element-content=\"true\" data-vce-do-apply=\"padding el-e03d48e6\"><div class=\"vce-text-block\"><div class=\"vce-text-block-wrapper vce\" id=\"el-150d7279\" data-vce-do-apply=\"all el-150d7279\"><h2><span style=\"color: #ffffff; font-family: 'Roboto Condensed'; font-size: 24pt;\">Der Sprung in die Deutsche Eishockey Liga<\/span><\/h2><div><span style=\"color: #ffffff; font-family: 'Roboto Condensed'; font-size: 14pt;\">In Hamburg konnte ich zum ersten Mal DEL-Luft schnuppern und auf der gro\u00dfen deutschen Eishockeyb\u00fchne spielen. Im Anschluss an diese DEL-Saison wurde ich 2003 in der 3. Runde des&nbsp;<\/span><\/div><div><span style=\"color: #ffffff; font-family: 'Roboto Condensed'; font-size: 14pt;\">NHL Entry-Drafts von den Nashville Predators gezogen.&nbsp;<\/span><\/div><div><span style=\"color: #ffffff; font-family: 'Roboto Condensed'; font-size: 14pt;\">&nbsp;<\/span><\/div><div><span style=\"color: #ffffff; font-family: 'Roboto Condensed'; font-size: 14pt;\">Von Hamburg ging es erstmal weiter nach D\u00fcsseldorf, wo ich vier tolle Jahre verbringen durfte. Ich bin zu einem gestandenen Eishockeyprofi gereift und habe mich mit jeder Sekunde Eiszeit weiterentwickelt. Die Trainer gaben mir immer mehr Vertrauen und setzten mich in den entscheidenden Spielsituationen ein. In der Saison 2005\/2006 (die letzte Saison an der ehrw\u00fcrdigen Brehmstra\u00dfe) schafften wir sogar den Einzug ins Finale, in dem wir leider von den damals unschlagbaren Eisb\u00e4ren Berlin in die Schranken gewiesen wurden.&nbsp;<\/span><\/div><div><span style=\"color: #ffffff; font-family: 'Roboto Condensed'; font-size: 14pt;\">&nbsp;<\/span><\/div><div><span style=\"font-family: 'Roboto Condensed'; color: #ffffff; font-size: 14pt;\">Nach meiner vorerst letzten Saison in D\u00fcsseldorf stand im Jahr 2007 ein neuer gro\u00dfer Abschnitt auf dem Programm:&nbsp;<span class=\"lh-1 font-size-18\"><strong>Nordamerika! Der Traum eines jeden Eishockeyspielers.<\/strong><\/span><\/span><\/div><\/div><\/div><\/div><\/div><\/div><\/div><\/div><\/div><div class=\"vce-row-container\"><div class=\"vce-row vce-row--has-col-background vce-row--col-gap-30 vce-row-no-paddings vce-row-columns--top vce-row-content--top\" data-vce-full-width=\"true\" data-vce-stretch-content=\"true\" id=\"el-3b3a6745\" data-vce-do-apply=\"all el-3b3a6745\"><div class=\"vce-row-content\" data-vce-element-content=\"true\"><div class=\"vce-col vce-element--has-background vce-col--md-auto vce-col--xs-1 vce-col--xs-last vce-col--xs-first vce-col--sm-last vce-col--sm-first vce-col--md-last vce-col--lg-last vce-col--xl-last vce-col--md-first vce-col--lg-first vce-col--xl-first\" id=\"el-ce3d3e92\"><div class=\"vce-col-inner\" data-vce-do-apply=\"border margin background  el-ce3d3e92\" id=\"fullimage\"><div class=\"vce-content-background-container\"><div class=\"vce-asset-parallax-container vce-visible-all-only\" data-vce-assets-parallax=\".vce-asset-parallax\" data-vce-assets-parallax-reverse=\"false\"><div class=\"vce-asset-parallax\" style=\"top: -30vh; bottom: -30vh; transform: translateY(-22.841769157994328vh);\"><div class=\"vce-asset-background-simple-container vce-visible-all-only vce-asset-background-simple--style-cover vce-asset-background-simple--position-center-top\"><div class=\"vce-asset-background-simple\"><div class=\"vce-asset-background-simple-item\" style=\"background-image: url('https:\/\/alexsulzer-eishockey.de\/wp-content\/uploads\/2020\/09\/KoelnerHaie-Actionaufnahmencopy-1280w.jpeg');\"><\/div><\/div><\/div><\/div><\/div><\/div><div class=\"vce-col-content\" data-vce-element-content=\"true\" data-vce-do-apply=\"padding el-ce3d3e92\"><\/div><\/div><\/div><\/div><\/div><\/div><div class=\"vce-row-container\"><div class=\"vce-row vce-row--col-gap-30 vce-row-no-paddings vce-row-equal-height vce-row-columns--top vce-row-content--middle\" data-vce-full-width=\"true\" data-vce-stretch-content=\"true\" id=\"el-1cf8be07\" data-vce-do-apply=\"all el-1cf8be07\"><div class=\"vce-content-background-container\"><\/div><div class=\"vce-row-content\" data-vce-element-content=\"true\"><div class=\"vce-col vce-col--xs-100p vce-col--xs-visible vce-col--xs-last vce-col--xs-first vce-col--sm-100p vce-col--sm-visible vce-col--sm-last vce-col--sm-first vce-col--md-100p vce-col--md-visible vce-col--md-last vce-col--md-first vce-col--lg-100p vce-col--lg-visible vce-col--lg-last vce-col--lg-first vce-col--xl-50p vce-col--xl-visible vce-col--xl-first\" id=\"el-042f43cb\"><div class=\"vce-col-inner\" data-vce-do-apply=\"border margin background  el-042f43cb\"><div class=\"vce-content-background-container\"><\/div><div class=\"vce-col-content\" data-vce-element-content=\"true\" data-vce-do-apply=\"padding el-042f43cb\"><div class=\"vce-text-block\"><div class=\"vce-text-block-wrapper vce\" id=\"el-f8b18ecd\" data-vce-do-apply=\"all el-f8b18ecd\"><h2><span style=\"font-weight: bold; font-style: normal; font-size: 24pt;\"><span style=\"font-family: 'Roboto Condensed'; color: #000000;\">Aufbruch in die NHL - National Hockey League&nbsp;<\/span><\/span><\/h2><div><span style=\"color: #000000; font-family: 'Roboto Condensed'; font-size: 14pt;\">Die Reise nach Nordamerika begann mit meinem ersten NHL-Trainingscamp bei den Nashville Predators. In dieser Saison hat es leider noch nicht gereicht mir den NHL-Traum zu erf\u00fcllen. Ich verbrachte die gesamte Saison bei den Milwaukee Admirals,&nbsp;Nashville\u00b4s Farmteam in der AHL. Auch die zweite Saison startete ich in Milwaukee, als endlich, nach der ersten Saisonh\u00e4lfte, der lang ersehnte Anruf aus Nashville kam:&nbsp;\"Wir fliegen Dich heute nach Montreal und Morgen spielst Du Dein erstes NHL-Spiel\". Ich war einfach nur sprachlos. Mein Traum ging am 15.01.2009 in Montreal in Erf\u00fcllung, als ich mit den Nashville Predators zum ersten Mal auf dem Eis stand.<\/span><\/div><div>&nbsp;<\/div><div><span style=\"color: #000000; font-family: 'Roboto Condensed'; font-size: 14pt;\">Bis 2011 spielte ich bei den Nashville Predators. Im Februar wurde ich via Trade von Nashville nach Florida geschickt und spielte dort den Rest der Saison. Im Anschluss unterschrieb ich im Sommer 2011 als Free-Agent mit den Vancouver Canucks einen Vertrag. In Vancouver spielte ich die erste Saisonh\u00e4lfte und im Februar 2012 wurde ich erneut via Trade zu den Buffalo Sabres geschickt.&nbsp;<\/span><\/div><div>&nbsp;<\/div><div><span style=\"color: #000000; font-family: 'Roboto Condensed'; font-size: 14pt;\">Die Buffalo Sabres waren meine letzte NHL-Station. Im Sommer 2014 ging die Reise zur\u00fcck nach Good Old Germany zu den K\u00f6lner Haien, bei denen ich 5 Jahre unter Vertrag stand. Der Kreis schloss sich f\u00fcr mich mit dem letzten Vereinswechsel meiner aktiven Karriere, zur\u00fcck zur D\u00fcsseldorfer EG.<\/span><\/div><\/div><\/div><\/div><\/div><\/div><div class=\"vce-col vce-col--xs-100p vce-col--xs-visible vce-col--xs-last vce-col--xs-first vce-col--sm-100p vce-col--sm-visible vce-col--sm-last vce-col--sm-first vce-col--md-100p vce-col--md-visible vce-col--md-last vce-col--md-first vce-col--lg-100p vce-col--lg-visible vce-col--lg-last vce-col--lg-first vce-col--xl-49-99p vce-col--xl-visible vce-col--xl-last\" id=\"el-f8c6654e\"><div class=\"vce-col-inner\" data-vce-do-apply=\"border margin background  el-f8c6654e\"><div class=\"vce-col-content\" data-vce-element-content=\"true\" data-vce-do-apply=\"padding el-f8c6654e\"><div class=\"vce-simple-image-slider\"><div class=\"vce-simple-image-slider-wrapper vce\" id=\"el-38200cd3\" data-vce-do-apply=\"all el-38200cd3\"><div class=\"vce-simple-image-slider-helper vce-simple-image-slider-aspect-ratio--4-3\"><div class=\"vce-simple-image-slider-list\" data-slick-autoplay=\"on\" data-slick-autoplay-delay=\"3000\" data-slick-effect=\"slideIn\" data-slick-dots=\"off\" data-slick-arrows=\"on\"><div class=\"slick-list\"><div class=\"vce-simple-image-slider-arrow vce-simple-image-slider-arrows-color--ba-255-255-255-0-5 vce-simple-image-slider-arrows-color-hover--fff vce-simple-image-slider-prev-arrow\"><svg width=\"16px\" height=\"25px\" viewBox=\"0 0 16 25\"><polygon id=\"Prev-Arrow\" points=\"12.3743687 5.68434189e-14 0 12.3743687 12.0208153 24.395184 14.1421356 22.2738636 4.31790889 12.4496369 14.5709572 2.19658855\"><\/polygon><\/svg><\/div><div class=\"slick-track\"><div class=\"vce-simple-image-slider-item vc-slick-item\"><div style=\"background-image:url(https:\/\/alexsulzer-eishockey.de\/wp-content\/uploads\/2020\/09\/gettyimages-108884165-1024x1024-69d199d0-3e5e21d8-1280w-e1600673777319.png)\" class=\"vce-simple-image-slider-img vce-simple-image-slider-img--scale vce-simple-image-slider-img--background-position-center-top\"><img decoding=\"async\" class=\"\" src=\"https:\/\/alexsulzer-eishockey.de\/wp-content\/uploads\/2020\/09\/gettyimages-108884165-1024x1024-69d199d0-3e5e21d8-1280w-e1600673777319.png\" style=\"display:none\" alt=\"\"><\/div><\/div><div class=\"vce-simple-image-slider-item vc-slick-item\"><div style=\"background-image:url(https:\/\/alexsulzer-eishockey.de\/wp-content\/uploads\/2020\/09\/109711065-5567f0b3-1280w.jpg)\" class=\"vce-simple-image-slider-img vce-simple-image-slider-img--scale vce-simple-image-slider-img--background-position-center-top\"><img decoding=\"async\" class=\"\" src=\"https:\/\/alexsulzer-eishockey.de\/wp-content\/uploads\/2020\/09\/109711065-5567f0b3-1280w.jpg\" style=\"display:none\" alt=\"\"><\/div><\/div><div class=\"vce-simple-image-slider-item vc-slick-item\"><div style=\"background-image:url(https:\/\/alexsulzer-eishockey.de\/wp-content\/uploads\/2020\/09\/alexander-sulzer-4faae3e3-ed9f-4ecc-b886-caca89b3150-resize-750-495579f0-1280w.png)\" class=\"vce-simple-image-slider-img vce-simple-image-slider-img--scale vce-simple-image-slider-img--background-position-center-top\"><img decoding=\"async\" class=\"\" src=\"https:\/\/alexsulzer-eishockey.de\/wp-content\/uploads\/2020\/09\/alexander-sulzer-4faae3e3-ed9f-4ecc-b886-caca89b3150-resize-750-495579f0-1280w.png\" style=\"display:none\" alt=\"\"><\/div><\/div><div class=\"vce-simple-image-slider-item vc-slick-item\"><div style=\"background-image:url(https:\/\/alexsulzer-eishockey.de\/wp-content\/uploads\/2020\/09\/Alexander-2BSulzer-2BVancouver-2BCanucks-2Bv-2BFlorida-2BDV42Af6aRUvl-58798ebd-1280w.png)\" class=\"vce-simple-image-slider-img vce-simple-image-slider-img--scale vce-simple-image-slider-img--background-position-center-top\"><img decoding=\"async\" class=\"\" src=\"https:\/\/alexsulzer-eishockey.de\/wp-content\/uploads\/2020\/09\/Alexander-2BSulzer-2BVancouver-2BCanucks-2Bv-2BFlorida-2BDV42Af6aRUvl-58798ebd-1280w.png\" style=\"display:none\" alt=\"\"><\/div><\/div><\/div><div class=\"vce-simple-image-slider-arrow vce-simple-image-slider-arrows-color--ba-255-255-255-0-5 vce-simple-image-slider-arrows-color-hover--fff vce-simple-image-slider-next-arrow\"><svg width=\"16px\" height=\"25px\" viewBox=\"0 0 16 25\"><polygon id=\"Next-Arrow\" points=\"3.02081528 24.395184 15.395184 12.0208153 3.37436867 1.13686838e-13 1.25304833 2.12132034 11.0772751 11.9455471 0.824226734 22.1985954\"><\/polygon><\/svg><\/div><\/div><\/div><div class=\"vce-simple-image-slider-dots vce-simple-image-slider-dots-color--fff vce-simple-image-slider-dots-color-hover--fd9a00\"><\/div><\/div><\/div><\/div><\/div><\/div><\/div><\/div><\/div><\/div>\n","protected":false},"excerpt":{"rendered":"<p>Alexander Sulzer &#8211; Professioneller Eishockey SpielerAuch eine Reise von tausend Meilen f\u00e4ngt mit dem ersten Schritt an.&nbsp;Meine Reise in der Eishockeywelt begann im Alter von10 Jahren bei den Kleinsch\u00fclern des ESV Kaufbeuren. Den wichtigsten Grundstein, das Schlittschuhlaufen, lernte ich zuvor bei unz\u00e4hligen Einheiten auf dem zugefrorenen B\u00e4rensee in Hirschzell.&nbsp;&nbsp;Danach ging alles flott: Von den Kleinsch\u00fclern, [&hellip;]<\/p>\n","protected":false},"author":8,"featured_media":0,"parent":0,"menu_order":0,"comment_status":"closed","ping_status":"closed","template":"","meta":{"ocean_post_layout":"","ocean_both_sidebars_style":"","ocean_both_sidebars_content_width":0,"ocean_both_sidebars_sidebars_width":0,"ocean_sidebar":"","ocean_second_sidebar":"","ocean_disable_margins":"enable","ocean_add_body_class":"","ocean_shortcode_before_top_bar":"","ocean_shortcode_after_top_bar":"","ocean_shortcode_before_header":"","ocean_shortcode_after_header":"","ocean_has_shortcode":"","ocean_shortcode_after_title":"","ocean_shortcode_before_footer_widgets":"","ocean_shortcode_after_footer_widgets":"","ocean_shortcode_before_footer_bottom":"","ocean_shortcode_after_footer_bottom":"","ocean_display_top_bar":"default","ocean_display_header":"default","ocean_header_style":"","ocean_center_header_left_menu":"","ocean_custom_header_template":"","ocean_custom_logo":0,"ocean_custom_retina_logo":0,"ocean_custom_logo_max_width":0,"ocean_custom_logo_tablet_max_width":0,"ocean_custom_logo_mobile_max_width":0,"ocean_custom_logo_max_height":0,"ocean_custom_logo_tablet_max_height":0,"ocean_custom_logo_mobile_max_height":0,"ocean_header_custom_menu":"","ocean_menu_typo_font_family":"","ocean_menu_typo_font_subset":"","ocean_menu_typo_font_size":0,"ocean_menu_typo_font_size_tablet":0,"ocean_menu_typo_font_size_mobile":0,"ocean_menu_typo_font_size_unit":"px","ocean_menu_typo_font_weight":"","ocean_menu_typo_font_weight_tablet":"","ocean_menu_typo_font_weight_mobile":"","ocean_menu_typo_transform":"","ocean_menu_typo_transform_tablet":"","ocean_menu_typo_transform_mobile":"","ocean_menu_typo_line_height":0,"ocean_menu_typo_line_height_tablet":0,"ocean_menu_typo_line_height_mobile":0,"ocean_menu_typo_line_height_unit":"","ocean_menu_typo_spacing":0,"ocean_menu_typo_spacing_tablet":0,"ocean_menu_typo_spacing_mobile":0,"ocean_menu_typo_spacing_unit":"","ocean_menu_link_color":"","ocean_menu_link_color_hover":"","ocean_menu_link_color_active":"","ocean_menu_link_background":"","ocean_menu_link_hover_background":"","ocean_menu_link_active_background":"","ocean_menu_social_links_bg":"","ocean_menu_social_hover_links_bg":"","ocean_menu_social_links_color":"","ocean_menu_social_hover_links_color":"","ocean_disable_title":"default","ocean_disable_heading":"default","ocean_post_title":"","ocean_post_subheading":"","ocean_post_title_style":"","ocean_post_title_background_color":"","ocean_post_title_background":0,"ocean_post_title_bg_image_position":"","ocean_post_title_bg_image_attachment":"","ocean_post_title_bg_image_repeat":"","ocean_post_title_bg_image_size":"","ocean_post_title_height":0,"ocean_post_title_bg_overlay":0.5,"ocean_post_title_bg_overlay_color":"","ocean_disable_breadcrumbs":"default","ocean_breadcrumbs_color":"","ocean_breadcrumbs_separator_color":"","ocean_breadcrumbs_links_color":"","ocean_breadcrumbs_links_hover_color":"","ocean_display_footer_widgets":"default","ocean_display_footer_bottom":"default","ocean_custom_footer_template":"","footnotes":""},"class_list":["post-25","page","type-page","status-publish","hentry","entry"],"_links":{"self":[{"href":"https:\/\/alexsulzer-eishockey.de\/index.php\/wp-json\/wp\/v2\/pages\/25","targetHints":{"allow":["GET"]}}],"collection":[{"href":"https:\/\/alexsulzer-eishockey.de\/index.php\/wp-json\/wp\/v2\/pages"}],"about":[{"href":"https:\/\/alexsulzer-eishockey.de\/index.php\/wp-json\/wp\/v2\/types\/page"}],"author":[{"embeddable":true,"href":"https:\/\/alexsulzer-eishockey.de\/index.php\/wp-json\/wp\/v2\/users\/8"}],"replies":[{"embeddable":true,"href":"https:\/\/alexsulzer-eishockey.de\/index.php\/wp-json\/wp\/v2\/comments?post=25"}],"version-history":[{"count":32,"href":"https:\/\/alexsulzer-eishockey.de\/index.php\/wp-json\/wp\/v2\/pages\/25\/revisions"}],"predecessor-version":[{"id":464,"href":"https:\/\/alexsulzer-eishockey.de\/index.php\/wp-json\/wp\/v2\/pages\/25\/revisions\/464"}],"wp:attachment":[{"href":"https:\/\/alexsulzer-eishockey.de\/index.php\/wp-json\/wp\/v2\/media?parent=25"}],"curies":[{"name":"wp","href":"https:\/\/api.w.org\/{rel}","templated":true}]}}