{"id":130,"date":"2020-09-21T10:06:32","date_gmt":"2020-09-21T08:06:32","guid":{"rendered":"https:\/\/alexsulzer-eishockey.de\/?page_id=130"},"modified":"2021-02-16T10:23:24","modified_gmt":"2021-02-16T09:23:24","slug":"teilnahmebestimmung-einzeltraining","status":"publish","type":"page","link":"https:\/\/alexsulzer-eishockey.de\/index.php\/teilnahmebestimmung-einzeltraining\/","title":{"rendered":"Teilnahmebestimmung Einzeltraining"},"content":{"rendered":"<div class=\"vce-row-container\"><div class=\"vce-row vce-row--col-gap-30 vce-row-columns--top vce-row-content--top\" id=\"el-ab7b90e4\" data-vce-do-apply=\"all el-ab7b90e4\"><div class=\"vce-row-content\" data-vce-element-content=\"true\"><div class=\"vce-col vce-col--md-auto vce-col--xs-1 vce-col--xs-last vce-col--xs-first vce-col--sm-last vce-col--sm-first vce-col--md-last vce-col--lg-last vce-col--xl-last vce-col--md-first vce-col--lg-first vce-col--xl-first\" id=\"el-bb51bfec\"><div class=\"vce-col-inner\" data-vce-do-apply=\"border margin background  el-bb51bfec\"><div class=\"vce-col-content\" data-vce-element-content=\"true\" data-vce-do-apply=\"padding el-bb51bfec\"><div class=\"vce-text-block\"><div class=\"vce-text-block-wrapper vce\" id=\"el-a049522f\" data-vce-do-apply=\"all el-a049522f\"><h1><span style=\"font-family: 'Roboto Condensed'; color: #000000;\"><strong>Teilnahmebedingungen f\u00fcr die Alex Sulzer <\/strong><strong>Einzeltrainings<\/strong>&nbsp;<\/span><\/h1>\r\n<p><span style=\"font-family: 'Roboto Condensed'; color: #000000;\" data-ccp-props=\"{&quot;201341983&quot;:0,&quot;335559739&quot;:160,&quot;335559740&quot;:259}\">&nbsp;<\/span><\/p>\r\n<p>Die uneingeschr\u00e4nkte Erf\u00fcllung der nachfolgenden Teilnahmebedingungen ist Voraussetzung f\u00fcr die Teilnahme an den Alex Sulzer Eishockey GmbH. Durch die Teilnahme verpflichten sich die Teilnehmer zur uneingeschr\u00e4nkten Einhaltung der Teilnahmebedingungen. Unabh\u00e4ngig von den Teilnahmebedingungen sind die AGBs zu beachten.<\/p>\r\n<p>&nbsp;<\/p>\r\n<ol>\r\n<li><strong> Vertragspartner <\/strong><\/li>\r\n<\/ol>\r\n<p>Auf Grundlage dieser Teilnahmebedingungen kommt zwischen dem Kunden und der Alex Sulzer Eishockey GmbH der Vertrag zustande.<\/p>\r\n<ol start=\"2\">\r\n<li><strong> Vertragsgegenstand<\/strong><\/li>\r\n<\/ol>\r\n<p>Durch diesen Vertrag wird der Verkauf von Dienstleistungen im Bereich der Eishockeyausbildung \u00fcber das Online-Anmeldeformular des Anbieters oder \u00fcber direkte Anmeldung (z.B. per Mail) geregelt.<\/p>\r\n<ol start=\"3\">\r\n<li><strong> Vertragsschluss <\/strong><\/li>\r\n<\/ol>\r\n<p>Der Vertrag kommt im elektronischen Gesch\u00e4ftsverkehr \u00fcber das Anmeldeformular der Website www.alexsulzer-eishockey.de zustande. Der Vertrag kommt au\u00dferdem zustande, sobald die Infos analog dem Anmeldeformular direkt (z.B. per Mail) \u00fcbermittelt werden und die Teilnahmebedingungen unterschrieben zugestellt werden. Durch Zusendung der Anmeldung ist diese verbindlich. Erst mit Bezahlung der Geb\u00fchr kommt der Vertrag zustande. Nach erfolgter Zahlung erfolgt eine entsprechende Best\u00e4tigung, wodurch die Buchung wirksam wird. Bei Buchungen gilt die zeitliche Reihenfolge der Anmeldung.<\/p>\r\n<ol start=\"4\">\r\n<li><strong> Zahlungsbedingungen <\/strong><\/li>\r\n<\/ol>\r\n<p>Die Trainingsgeb\u00fchr f\u00fcr die Trainingseinheit ist individuell bestimmt und richtet sich nach der Absprache mit dem Veranstalter. Die Bezahlung ist nach erfolgter Anmeldung und Zusage durch die Alex Sulzer Eishockey GmbH sofort zu leisten. Der Kunde hat folgende M\u00f6glichkeiten zur Zahlung:<\/p>\r\n<ul>\r\n<li>Vorab\u00fcberweisung<\/li>\r\n<\/ul>\r\n<p>Weitere Zahlungsarten werden nicht angeboten und werden zur\u00fcckgewiesen. Der Rechnungsbetrag ist nach Anmeldung auf das hier angegebene Konto vorab zu \u00fcberweisen.<\/p>\r\n<p><u>Kontoinhaber<\/u><\/p>\r\n<p>Alex Sulzer Eishockey GmbH<\/p>\r\n<p>IBAN: DE47 3755 1440 0100 1491 86<\/p>\r\n<p>Bank: Sparkasse Leverkusen<\/p>\r\n<p>&nbsp;<\/p>\r\n<p>Erst nach Zahlungseingang gilt der Trainingsplatz als gesichert und wird durch die Alex Sulzer Eishockey GmbH best\u00e4tigt. In Ausnahmef\u00e4llen k\u00f6nnen andere Zahlungsvereinbarungen mit dem Veranstalter getroffen werden.<\/p>\r\n<p>&nbsp;<\/p>\r\n<ol start=\"5\">\r\n<li><strong> Widerrufsrecht<\/strong><\/li>\r\n<\/ol>\r\n<p>Sie haben das Recht, binnen vierzehn Tagen ohne Angabe von Gr\u00fcnden diesen Vertrag zu widerrufen. Die Widerrufsfrist betr\u00e4gt vierzehn Tage ab dem Tag des Vertragsabschlusses. Um Ihr Widerrufsrecht auszu\u00fcben, m\u00fcssen Sie der Alex Sulzer Eishockey GmbH mittels einer eindeutigen Erkl\u00e4rung (z.B. ein mit der Post versandter Brief, Telefax oder E-Mail) \u00fcber Ihren Entschluss, diesen Vertrag zu widerrufen, informieren. Wenn Sie diesen Vertrag widerrufen, hat die Alex Sulzer Eishockey GmbH Ihnen alle Zahlungen, die sie von Ihnen erhalten hat, unverz\u00fcglich und sp\u00e4testens binnen vierzehn Tagen ab dem Tag zur\u00fcckzuzahlen, an dem die Mitteilung \u00fcber Ihren Widerruf dieses Vertrags bei ihr eingegangen ist. Eine R\u00fcckerstattung bzw. R\u00fcck\u00fcberweisung der geleisteten Zahlungen ist jedoch an die entsprechenden Stornierungsbedingungen unter Punkt 6 gekoppelt. F\u00fcr diese R\u00fcckzahlung verwendet die Alex Sulzer Eishockey GmbH dasselbe Zahlungsmittel, das Sie bei der urspr\u00fcnglichen Transaktion eingesetzt haben.<\/p>\r\n<ol start=\"6\">\r\n<li><strong> Stornierungsbedingungen<\/strong><\/li>\r\n<\/ol>\r\n<p>Die Stornierungsbedingungen sind von den jeweiligen Stornierungsbedingungen der im Einzelfall genutzten Arena abh\u00e4ngig. Diese werden den Teilnehmern\/innen vor Vertragsschluss mitgeteilt.<\/p>\r\n<ol start=\"7\">\r\n<li><strong> Haftung<\/strong><\/li>\r\n<\/ol>\r\n<p>Es wird darauf hingewiesen, dass die Teilnahme an Einzeltrainings der Alex Sulzer Eishockey GmbH unter anderem auf einer Eisfl\u00e4che erfolgt und demnach ein erh\u00f6htes Unfall- und Verletzungsrisiko f\u00fcr die Teilnehmer\/innen mit sich bringt. Die Teilnahme an der Veranstaltung erfolgt auf eigenes Risiko und eigene Gefahr. Gleiches gilt f\u00fcr w\u00e4hrend den Trainingseinheiten anwesenden Personen (Eltern oder andere Begleitpersonen). F\u00fcr Verletzungen durch abgef\u00e4lschte Sch\u00fcsse, Schl\u00e4ger, etc. wird keinerlei Haftung \u00fcbernommen. Die Teilnehmer\/innen verantworten ihre Teilnahme uneingeschr\u00e4nkt selbst, handeln auf eigene Gefahr und eigenes Risiko, verzichten auf s\u00e4mtliche Anspr\u00fcche jeder Art f\u00fcr Sch\u00e4den oder Verletzungen der eigenen Person oder Bekleidung gegen\u00fcber dem Veranstalter und dem Arena-Betreiber. Der Haftungsverzicht gilt f\u00fcr Verletzungen und Sch\u00e4den aller Art.<\/p>\r\n<ol start=\"8\">\r\n<li><strong> Versicherung<\/strong><\/li>\r\n<\/ol>\r\n<p>Die Teilnehmer\/innen m\u00fcssen \u00fcber eine Krankenversicherung sowie andere entsprechende Versicherungen verf\u00fcgen, die Leistungen im Falle selbst erlittener Sportverletzungen erbringt und au\u00dferdem die Haftpflicht gegen\u00fcber Dritter im Rahmen der Teilnahme an den gebuchten Eishockeytrainingsterminen abdeckt.<\/p>\r\n<ol start=\"9\">\r\n<li><strong> Sporttauglichkeit <\/strong><\/li>\r\n<\/ol>\r\n<p>Die Sporttauglichkeit ist mit \u00e4rztlichem Attest nachzuweisen (nicht \u00e4lter als 12 Monate).<\/p>\r\n<p>Die entsprechende Krankenversicherungskarte ist zwingend mitzubringen.<\/p>\r\n<p>Dar\u00fcber hinaus sind folgende Bedingungen zu erf\u00fcllen:<\/p>\r\n<ol>\r\n<li>Die Kinder sollten \u00fcber die Grundf\u00e4higkeiten des Eishockeys verf\u00fcgen (Schlittschuhlaufen, Puckf\u00fchrung, Schie\u00dfen)<\/li>\r\n<li>Mitzubringen ist die komplette Eishockeyausr\u00fcstung inkl. Schl\u00e4ger (f\u00fcr On-Off-Ice), Sportkleidung f\u00fcr das Athletiktraining (Shorts, T-Shirt, Schuhe, Springseil), Wasserflaschen zum Auff\u00fcllen.<\/li>\r\n<\/ol>\r\n<p>&nbsp;<\/p>\r\n<ol start=\"10\">\r\n<li><strong> Absage durch Veranstalter<\/strong><\/li>\r\n<\/ol>\r\n<p>Das Training kann bei einer nachtr\u00e4glichen Absage der Eiszeit durch den Betreiber der Eissporthalle ausfallen. Sollte dar\u00fcber hinaus das Training durch nicht vom Veranstalter verursachte Gr\u00fcnde (h\u00f6here Gewalt, technische Defekte) vollst\u00e4ndig oder teilweise ausfallen, kann eine anteilige Trainingsgeb\u00fchr r\u00fcckerstattet werden. Es besteht in allen aufgef\u00fchrten F\u00e4llen kein Anspruch auf Schadensersatz.<\/p>\r\n<ol start=\"11\">\r\n<li><strong> Anweisungen<\/strong><\/li>\r\n<\/ol>\r\n<p>Die Teilnehmer\/innen haben den Anweisungen der Trainer und Betreuer Folge zu leisten. Im Falle von nicht zur Folgeleistung von Anweisungen kann ein Teilnehmer aus disziplinarischen Gr\u00fcnden vom Camp jederzeit und ohne R\u00fcckerstattung der Trainingsgeb\u00fchr ausgeschlossen werden.<\/p>\r\n<ol start=\"12\">\r\n<li><strong> Verlust von Wertgegenst\u00e4nden<\/strong><\/li>\r\n<\/ol>\r\n<p>F\u00fcr den Verlust von Wert- und Ausr\u00fcstungsgegenst\u00e4nden der Teilnehmer des Trainings wird keine Haftung \u00fcbernommen.<\/p>\r\n<ol start=\"13\">\r\n<li><strong> Bild-\/Film- und Tonaufnahmen<\/strong><\/li>\r\n<\/ol>\r\n<p>Einwilligung zur Verwendung von Bild-\/Film- und Tonaufnahmen: Die Teilnehmer\/innen erteilen hiermit dem Veranstalter, das widerrufliche Einverst\u00e4ndnis, dass im Rahmen der Veranstaltung Bild-, Film-, und Tonaufnahmen der Teilnehmer\/innen f\u00fcr Werbezwecke im Internet und\/oder Werbeflyern und Plakaten aufgenommen und diese uneingeschr\u00e4nkt verwendet werden d\u00fcrfen. Eine Verg\u00fctung hierf\u00fcr ist mit der Teilnahme an der Veranstaltung abgegolten. Die Verwertungsrechte der vorgenannten Bild-, Film- und Tonaufnahmen liegen uneingeschr\u00e4nkt beim Veranstalter.<\/p>\r\n<ol start=\"14\">\r\n<li><strong> Salvatorische Klausel<\/strong><\/li>\r\n<\/ol>\r\n<p>Die Unwirksamkeit einer Bestimmung dieser Teilnahmebedingungen hat keine Auswirkungen auf die Wirksamkeit der sonstigen Bestimmungen. Mit der Anmeldung erkl\u00e4re ich mich mit den Bedingungen einverstanden.<\/p><\/div><\/div><\/div><\/div><\/div><\/div><\/div><\/div>\n","protected":false},"excerpt":{"rendered":"<p>Teilnahmebedingungen f\u00fcr die Alex Sulzer Einzeltrainings&nbsp; &nbsp; Die uneingeschr\u00e4nkte Erf\u00fcllung der nachfolgenden Teilnahmebedingungen ist Voraussetzung f\u00fcr die Teilnahme an den Alex Sulzer Eishockey GmbH. Durch die Teilnahme verpflichten sich die Teilnehmer zur uneingeschr\u00e4nkten Einhaltung der Teilnahmebedingungen. Unabh\u00e4ngig von den Teilnahmebedingungen sind die AGBs zu beachten. &nbsp; Vertragspartner Auf Grundlage dieser Teilnahmebedingungen kommt zwischen dem Kunden [&hellip;]<\/p>\n","protected":false},"author":8,"featured_media":0,"parent":0,"menu_order":0,"comment_status":"closed","ping_status":"closed","template":"","meta":{"ocean_post_layout":"","ocean_both_sidebars_style":"","ocean_both_sidebars_content_width":0,"ocean_both_sidebars_sidebars_width":0,"ocean_sidebar":"","ocean_second_sidebar":"","ocean_disable_margins":"enable","ocean_add_body_class":"","ocean_shortcode_before_top_bar":"","ocean_shortcode_after_top_bar":"","ocean_shortcode_before_header":"","ocean_shortcode_after_header":"","ocean_has_shortcode":"","ocean_shortcode_after_title":"","ocean_shortcode_before_footer_widgets":"","ocean_shortcode_after_footer_widgets":"","ocean_shortcode_before_footer_bottom":"","ocean_shortcode_after_footer_bottom":"","ocean_display_top_bar":"default","ocean_display_header":"default","ocean_header_style":"","ocean_center_header_left_menu":"","ocean_custom_header_template":"","ocean_custom_logo":0,"ocean_custom_retina_logo":0,"ocean_custom_logo_max_width":0,"ocean_custom_logo_tablet_max_width":0,"ocean_custom_logo_mobile_max_width":0,"ocean_custom_logo_max_height":0,"ocean_custom_logo_tablet_max_height":0,"ocean_custom_logo_mobile_max_height":0,"ocean_header_custom_menu":"","ocean_menu_typo_font_family":"","ocean_menu_typo_font_subset":"","ocean_menu_typo_font_size":0,"ocean_menu_typo_font_size_tablet":0,"ocean_menu_typo_font_size_mobile":0,"ocean_menu_typo_font_size_unit":"px","ocean_menu_typo_font_weight":"","ocean_menu_typo_font_weight_tablet":"","ocean_menu_typo_font_weight_mobile":"","ocean_menu_typo_transform":"","ocean_menu_typo_transform_tablet":"","ocean_menu_typo_transform_mobile":"","ocean_menu_typo_line_height":0,"ocean_menu_typo_line_height_tablet":0,"ocean_menu_typo_line_height_mobile":0,"ocean_menu_typo_line_height_unit":"","ocean_menu_typo_spacing":0,"ocean_menu_typo_spacing_tablet":0,"ocean_menu_typo_spacing_mobile":0,"ocean_menu_typo_spacing_unit":"","ocean_menu_link_color":"","ocean_menu_link_color_hover":"","ocean_menu_link_color_active":"","ocean_menu_link_background":"","ocean_menu_link_hover_background":"","ocean_menu_link_active_background":"","ocean_menu_social_links_bg":"","ocean_menu_social_hover_links_bg":"","ocean_menu_social_links_color":"","ocean_menu_social_hover_links_color":"","ocean_disable_title":"default","ocean_disable_heading":"default","ocean_post_title":"","ocean_post_subheading":"","ocean_post_title_style":"","ocean_post_title_background_color":"","ocean_post_title_background":0,"ocean_post_title_bg_image_position":"","ocean_post_title_bg_image_attachment":"","ocean_post_title_bg_image_repeat":"","ocean_post_title_bg_image_size":"","ocean_post_title_height":0,"ocean_post_title_bg_overlay":0.5,"ocean_post_title_bg_overlay_color":"","ocean_disable_breadcrumbs":"default","ocean_breadcrumbs_color":"","ocean_breadcrumbs_separator_color":"","ocean_breadcrumbs_links_color":"","ocean_breadcrumbs_links_hover_color":"","ocean_display_footer_widgets":"default","ocean_display_footer_bottom":"default","ocean_custom_footer_template":"","footnotes":""},"class_list":["post-130","page","type-page","status-publish","hentry","entry"],"_links":{"self":[{"href":"https:\/\/alexsulzer-eishockey.de\/index.php\/wp-json\/wp\/v2\/pages\/130","targetHints":{"allow":["GET"]}}],"collection":[{"href":"https:\/\/alexsulzer-eishockey.de\/index.php\/wp-json\/wp\/v2\/pages"}],"about":[{"href":"https:\/\/alexsulzer-eishockey.de\/index.php\/wp-json\/wp\/v2\/types\/page"}],"author":[{"embeddable":true,"href":"https:\/\/alexsulzer-eishockey.de\/index.php\/wp-json\/wp\/v2\/users\/8"}],"replies":[{"embeddable":true,"href":"https:\/\/alexsulzer-eishockey.de\/index.php\/wp-json\/wp\/v2\/comments?post=130"}],"version-history":[{"count":9,"href":"https:\/\/alexsulzer-eishockey.de\/index.php\/wp-json\/wp\/v2\/pages\/130\/revisions"}],"predecessor-version":[{"id":778,"href":"https:\/\/alexsulzer-eishockey.de\/index.php\/wp-json\/wp\/v2\/pages\/130\/revisions\/778"}],"wp:attachment":[{"href":"https:\/\/alexsulzer-eishockey.de\/index.php\/wp-json\/wp\/v2\/media?parent=130"}],"curies":[{"name":"wp","href":"https:\/\/api.w.org\/{rel}","templated":true}]}}